{"id":8,"date":"2025-06-06T14:49:53","date_gmt":"2025-06-06T14:49:53","guid":{"rendered":"https:\/\/proyecto-igwachanya.com\/donaciones\/?page_id=8"},"modified":"2025-06-23T08:31:28","modified_gmt":"2025-06-23T08:31:28","slug":"colabora","status":"publish","type":"page","link":"https:\/\/proyecto-igwachanya.com\/donaciones\/","title":{"rendered":"Colabora"},"content":{"rendered":"\t\t<div data-elementor-type=\"wp-page\" data-elementor-id=\"8\" class=\"elementor elementor-8\">\n\t\t\t\t<div class=\"elementor-element elementor-element-dc0959c e-flex e-con-boxed e-con e-parent\" data-id=\"dc0959c\" data-element_type=\"container\" data-e-type=\"container\" data-settings=\"{&quot;background_background&quot;:&quot;classic&quot;}\">\n\t\t\t\t\t<div class=\"e-con-inner\">\n\t\t\t\t<div class=\"elementor-element elementor-element-a5fca09 elementor-widget elementor-widget-heading\" data-id=\"a5fca09\" data-element_type=\"widget\" data-e-type=\"widget\" data-widget_type=\"heading.default\">\n\t\t\t\t<div class=\"elementor-widget-container\">\n\t\t\t\t\t<h2 class=\"elementor-heading-title elementor-size-default\"><a href=\"https:\/\/proyecto-igwachanya.com\/\" target=\"_blank\">IGWACHANYA<\/a><\/h2>\t\t\t\t<\/div>\n\t\t\t\t<\/div>\n\t\t\t\t<div class=\"elementor-element elementor-element-7308558 elementor-widget elementor-widget-heading\" data-id=\"7308558\" data-element_type=\"widget\" data-e-type=\"widget\" data-widget_type=\"heading.default\">\n\t\t\t\t<div class=\"elementor-widget-container\">\n\t\t\t\t\t<h2 class=\"elementor-heading-title elementor-size-default\">MODOS DE COLABORAR<\/h2>\t\t\t\t<\/div>\n\t\t\t\t<\/div>\n\t\t\t\t<div class=\"elementor-element elementor-element-f065842 elementor-widget elementor-widget-text-editor\" data-id=\"f065842\" data-element_type=\"widget\" data-e-type=\"widget\" data-widget_type=\"text-editor.default\">\n\t\t\t\t<div class=\"elementor-widget-container\">\n\t\t\t\t\t\t\t\t\t<p><a href=\"https:\/\/proyecto-igwachanya.com\">Proyecto-Igwachanya<\/a><\/p>\t\t\t\t\t\t\t\t<\/div>\n\t\t\t\t<\/div>\n\t\t\t\t<div class=\"elementor-element elementor-element-b6051c2 elementor-widget elementor-widget-text-editor\" data-id=\"b6051c2\" data-element_type=\"widget\" data-e-type=\"widget\" data-widget_type=\"text-editor.default\">\n\t\t\t\t<div class=\"elementor-widget-container\">\n\t\t\t\t\t\t\t\t\t<div class=\"colabora-page-header\"><div class=\"content-wrapper\">\u00a0<\/div><\/div><div class=\"bg-gray fixed-header-trigger\"><div class=\"content-wrapper bg-white\"><div class=\"donation-modules-container\"><p>Si eres menor de edad, es necesario que cuentes con el previo consentimiento de tu padre, madre o tutores antes de incluir tus datos personales en cualquiera de estos formularios. COOPERACI\u00d3N INTERNACIONAL se exime de cualquier responsabilidad por el incumplimiento de este requisito<\/p><\/div><\/div><\/div>\t\t\t\t\t\t\t\t<\/div>\n\t\t\t\t<\/div>\n\t\t\t\t<div class=\"elementor-element elementor-element-1dfb9eb elementor-widget elementor-widget-text-editor\" data-id=\"1dfb9eb\" data-element_type=\"widget\" data-e-type=\"widget\" data-widget_type=\"text-editor.default\">\n\t\t\t\t<div class=\"elementor-widget-container\">\n\t\t\t\t\t\t\t\t\t<p>Para facilitar la correcta gesti\u00f3n de los donativos, por favor indica siempre el concepto: <strong>TANZANIA + el nombre del proyecto<\/strong> (por ejemplo, Transporte, Residencia, etc.), sea cual sea el m\u00e9todo de pago utilizado. El proyecto que urge ahora mismo es el del autob\u00fas \u00a1Muchas gracias por tu colaboraci\u00f3n!<\/p>\t\t\t\t\t\t\t\t<\/div>\n\t\t\t\t<\/div>\n\t\t\t\t<div class=\"elementor-element elementor-element-d9d2e85 elementor-widget elementor-widget-heading\" data-id=\"d9d2e85\" data-element_type=\"widget\" data-e-type=\"widget\" data-widget_type=\"heading.default\">\n\t\t\t\t<div class=\"elementor-widget-container\">\n\t\t\t\t\t<h2 class=\"elementor-heading-title elementor-size-default\">BIZUM<\/h2>\t\t\t\t<\/div>\n\t\t\t\t<\/div>\n\t\t<div class=\"elementor-element elementor-element-784e26e e-con-full e-flex e-con e-child\" data-id=\"784e26e\" data-element_type=\"container\" data-e-type=\"container\" data-settings=\"{&quot;background_background&quot;:&quot;classic&quot;}\">\n\t\t\t\t<div class=\"elementor-element elementor-element-97f45e7 elementor-widget elementor-widget-text-editor\" data-id=\"97f45e7\" data-element_type=\"widget\" data-e-type=\"widget\" data-widget_type=\"text-editor.default\">\n\t\t\t\t<div class=\"elementor-widget-container\">\n\t\t\t\t\t\t\t\t\t<p>\u00a0Enviar la donaci\u00f3n al <a style=\"background-color: #000000;\" href=\"https:\/\/https:\/\/ciong.org\" data-wplink-url-error=\"true\">C\u00f3digo de ONG<\/a> 00138 indicando el concepto\u00a0<strong>TANZANIA + el nombre del proyecto<\/strong> (por ejemplo, Transporte, Residencia, etc.)<\/p>\t\t\t\t\t\t\t\t<\/div>\n\t\t\t\t<\/div>\n\t\t\t\t<\/div>\n\t\t\t\t<div class=\"elementor-element elementor-element-9bcbb5c elementor-widget elementor-widget-heading\" data-id=\"9bcbb5c\" data-element_type=\"widget\" data-e-type=\"widget\" data-widget_type=\"heading.default\">\n\t\t\t\t<div class=\"elementor-widget-container\">\n\t\t\t\t\t<h2 class=\"elementor-heading-title elementor-size-default\">TARJETA<\/h2>\t\t\t\t<\/div>\n\t\t\t\t<\/div>\n\t\t\t\t<div class=\"elementor-element elementor-element-206175e elementor-widget elementor-widget-shortcode\" data-id=\"206175e\" data-element_type=\"widget\" data-e-type=\"widget\" id=\"tarjeta\" data-widget_type=\"shortcode.default\">\n\t\t\t\t<div class=\"elementor-widget-container\">\n\t\t\t\t\t\t\t<div class=\"elementor-shortcode\"><div id=\"simpay-embedded-form-wrap-303\" data-id=\"simpay-form-303-wrap\" class=\"simpay-form-wrap simpay-embedded-form-wrap\"><div class=\"simpay-embedded-heading simpay-styled\"><h3 class=\"simpay-form-title\">Donaciones Igwachanya<\/h3><\/div><form action=\"\" method=\"post\" class=\"simpay-checkout-form simpay-form-303 simpay-styled simpay-checkout-form--embedded\" id=\"simpay-form-303\" data-simpay-form-id=\"303\" >\n\t\t\n\t\t<div\n\t\t\tclass=\"\n\t\t\t\t\t\t\tsimpay-form-control\n\t\t\t\t\t\t\tsimpay-custom-amount-container\"\n\t\t\t\t\t>\n\t\t\t\n\t\t<div class=\"simpay-custom_amount-label simpay-label-wrap\">\n\t\t\t<label for=\"simpay-form-303-field-4\" class=\"\">\n\t\t\t\tImporte\t\t\t\t\t\t\t<\/label>\n\t\t<\/div>\n\n\t\t\t\t\t<div class=\"simpay-custom-amount-wrap simpay-field-wrap\">\n\t\t\t\t\t\t\t\t<input\n\t\t\t\t\ttype=\"tel\"\n\t\t\t\t\tname=\"simpay_custom_price_amount\"\n\t\t\t\t\tid=\"simpay-form-303-field-4\"\n\t\t\t\t\t\t\t\t\t\tplaceholder=\"{{amount}}\"\n\t\t\t\t\tclass=\"simpay-amount-input simpay-custom-amount-input simpay-custom-amount-input-symbol-right\"\n\t\t\t\t\tdata-prefill-default=\"\"\n\t\t\t\t\tdata-placeholder=\"{{amount}}\"\n\t\t\t\t\t\t\t\t\t\/>\n\t\t\t\t<span class=\"simpay-currency-symbol simpay-currency-symbol-right\">&euro;<\/span>\t\t\t<\/div>\n\t\t\t\t\t\t<div\n\t\t\t\tclass=\"simpay-errors simpay-custom-amount-error\"\n\t\t\t\taria-live=\"assertive\"\n\t\t\t\taria-relevant=\"additions text\"\n\t\t\t\taria-atomic=\"true\"\n\t\t\t><\/div>\n\t\t\t\t\t<\/div>\n\n\t\t\t\t\t<div class=\"simpay-errors simpay-custom-amount-error\" aria-live=\"assertive\" aria-relevant=\"additions text\" aria-atomic=\"true\"><\/div>\n\t\t\n\t\t\n\t\t<div class=\"simpay-form-control simpay-name-container simpay-customer-name-container\">\n\t\t\t\n\t\t<div class=\"simpay-customer_name-label simpay-label-wrap\">\n\t\t\t<label for=\"simpay-form-303-field-5\" class=\"\">\n\t\t\t\tNombre y Apellidos\t\t\t\t\t\t\t<\/label>\n\t\t<\/div>\n\n\t\t\t\t\t<div class=\"simpay-customer-name-wrap simpay-field-wrap\">\n\t\t\t\t<input\n\t\t\t\t\ttype=\"text\"\n\t\t\t\t\tname=\"simpay_customer_name\"\n\t\t\t\t\tid=\"simpay-form-303-field-5\"\n\t\t\t\t\tclass=\"simpay-customer-name\"\n\t\t\t\t\tvalue=\"\"\n\t\t\t\t\tplaceholder=\"Nombre y Apellidos\"\n\t\t\t\t\t\t\t\t\t\t\trequired\n\t\t\t\t\t\t\t\t\t\/>\n\t\t\t<\/div>\n\t\t<\/div>\n\n\t\t\n\t\t\t\t\t<div class=\"simpay-form-control simpay-email-container\">\n\t\t\t\t\n\t\t<div class=\"simpay-email-label simpay-label-wrap\">\n\t\t\t<label for=\"simpay-form-303-field-1\" class=\"\">\n\t\t\t\tEmail Address\t\t\t\t\t\t\t<\/label>\n\t\t<\/div>\n\n\t\t\t\t\t\t<div class=\"simpay-email-wrap simpay-field-wrap\">\n\t\t\t\t\t<input\n\t\t\t\t\t\ttype=\"email\"\n\t\t\t\t\t\tname=\"simpay_email\"\n\t\t\t\t\t\tid=\"simpay-form-303-field-1\"\n\t\t\t\t\t\tclass=\"simpay-email\"\n\t\t\t\t\t\tvalue=\"\"\n\t\t\t\t\t\tplaceholder=\"\"\n\t\t\t\t\t\trequired\n\t\t\t\t\t\/>\n\t\t\t\t<\/div>\n\t\t\t<\/div>\n\t\t\n\t\t\n\t\t<fieldset\n\t\t\tclass=\"simpay-form-control simpay-plan-select-container\"\n\t\t\tdata-display-type=\"radio\"\n\t\t\tstyle=\"display: none\"\n\t\t>\n\t\t\t<div class=\"simpay-plan_select-label simpay-label-wrap\">\n\t\t\t\t<legend class=\"screen-reader-text\">\n\t\t\t\t\tplan_select\t\t\t\t<\/legend>\n\t\t\t<\/div>\n\n\t\t\t<div class=\"simpay-plan-wrapper simpay-field-wrap simpay-dropdown-wrap\">\n\t\t\t\t<ul class=\"simpay-multi-plan-radio-group\">\n\t\t\t\t\t\t\t\t\t<li class=\"simpay-price-selection-label\">\n\t\t\t\t\t\t\t\t\t\t\t\t\t<label for=\"simpay_4a43eee5-3626-4338-97e4-c49403195409-instance-322\">\n\t\t\t\t\t\t\t<input\n\t\t\t\t\t\t\t\ttype=\"radio\"\n\t\t\t\t\t\t\t\t\n\t\t\tid=\"simpay_4a43eee5-3626-4338-97e4-c49403195409-instance-322\"\n\t\t\tclass=\"simpay-multi-sub simpay-price-option-simpay_4a43eee5-3626-4338-97e4-c49403195409\"\n\t\t\tdata-price='{\"instance_id\":\"8083f183-4f7b-4562-944f-8972ea74e907\",\"product_id\":\"prod_SU8My2PCRMemBI\",\"id\":\"simpay_4a43eee5-3626-4338-97e4-c49403195409\",\"default\":true,\"required\":false,\"label\":null,\"currency\":\"eur\",\"currency_symbol\":\"&euro;\",\"is_zero_decimal\":false,\"unit_amount\":1000,\"unit_amount_min\":\"1000\",\"unit_amount_max\":null,\"can_recur\":false,\"can_recur_selected_by_default\":false,\"recurring\":null,\"line_items\":null,\"quantity_toggle\":null,\"quantity_label\":null,\"quantity_minimum\":null,\"quantity_maximum\":null,\"recurring_amount_toggle_label\":null,\"__unstable_unsaved\":null,\"generated_label\":\"starting at 10,00&euro;\",\"simplified_label\":\"10,00&euro;\",\"currency_min_amount\":100}'\n\t\t\tname=\"simpay_price\"\n\t\t\t checked='checked'\n\t\t\t\n\t\t\t\n\t\t\tvalue=\"simpay_4a43eee5-3626-4338-97e4-c49403195409\"\n\t\t\tdata-plan-id=\"simpay_4a43eee5-3626-4338-97e4-c49403195409\"\n\t\t\tdata-plan-amount=\"10\"\n\t\t\t\n\t\t\t\t\t\t\t\t\t\t\/>\n\t\t\t\t\t\t\tstarting at 10,00&euro;\t\t\t\t\t\t<\/label>\n\t\t\t\t\t\t\t\t\t\t\t<\/li>\n\t\t\t\t\t\t\t\t<\/ul>\n\t\t\t<\/div>\n\t\t<\/fieldset>\n\n\t\t\n\t\t<div class=\"simpay-form-control simpay-text-container\">\n\t\t\t\n\t\t<div class=\"simpay-text-label simpay-label-wrap\">\n\t\t\t<label for=\"simpay-form-303-field-6\" class=\"\">\n\t\t\t\tDNI\/Pasaporte\t\t\t\t<span class=\"simpay-optional-indicator\"> (optional)<\/span>\t\t\t<\/label>\n\t\t<\/div>\n\n\t\t\t\t\t<div class=\"simpay-text-wrap simpay-field-wrap\">\n\t\t\t\t\t\t\t\t\t<input\n\t\t\t\t\t\ttype=\"text\"\n\t\t\t\t\t\tname=\"simpay_field[DNI]\"\n\t\t\t\t\t\tid=\"simpay-form-303-field-6\"\n\t\t\t\t\t\tplaceholder=\"DNI\/Pasaporte\"\n\t\t\t\t\t\tvalue=\"\"\n\t\t\t\t\t\tmaxlength=\"500\"\n\t\t\t\t\t\t\t\t\t\t\t\/>\n\t\t\t\t\t\t\t<\/div>\n\t\t<\/div>\n\n\t\t\n\t\t<div class=\"simpay-form-control simpay-text-container\">\n\t\t\t\n\t\t<div class=\"simpay-text-label simpay-label-wrap\">\n\t\t\t<label for=\"simpay-form-303-field-7\" class=\"\">\n\t\t\t\tC\u00f3digo Postal\t\t\t\t<span class=\"simpay-optional-indicator\"> (optional)<\/span>\t\t\t<\/label>\n\t\t<\/div>\n\n\t\t\t\t\t<div class=\"simpay-text-wrap simpay-field-wrap\">\n\t\t\t\t\t\t\t\t\t<input\n\t\t\t\t\t\ttype=\"text\"\n\t\t\t\t\t\tname=\"simpay_field[postal_code]\"\n\t\t\t\t\t\tid=\"simpay-form-303-field-7\"\n\t\t\t\t\t\tplaceholder=\"C\u00f3digo Postal\"\n\t\t\t\t\t\tvalue=\"\"\n\t\t\t\t\t\tmaxlength=\"500\"\n\t\t\t\t\t\t\t\t\t\t\t\/>\n\t\t\t\t\t\t\t<\/div>\n\t\t<\/div>\n\n\t\t\n\t\t<div class=\"simpay-form-control simpay-text-container\">\n\t\t\t\n\t\t<div class=\"simpay-text-label simpay-label-wrap\">\n\t\t\t<label for=\"simpay-form-303-field-8\" class=\"\">\n\t\t\t\tMensaje\t\t\t\t\t\t\t<\/label>\n\t\t<\/div>\n\n\t\t\t\t\t<div class=\"simpay-text-wrap simpay-field-wrap\">\n\t\t\t\t\t\t\t\t\t<input\n\t\t\t\t\t\ttype=\"text\"\n\t\t\t\t\t\tname=\"simpay_field[message]\"\n\t\t\t\t\t\tid=\"simpay-form-303-field-8\"\n\t\t\t\t\t\tplaceholder=\"Tanzania + Nombre Proyecto (por ejemplo Transporte, residencia, etc.)\"\n\t\t\t\t\t\tvalue=\"TANZANIA + Transporte\"\n\t\t\t\t\t\tmaxlength=\"500\"\n\t\t\t\t\t\t\t\t\t\t\t\t\trequired\n\t\t\t\t\t\t\t\t\t\t\t\/>\n\t\t\t\t\t\t\t<\/div>\n\t\t<\/div>\n\n\t\t\n\t\t<div class=\"simpay-form-control simpay-form-control--card simpay-card-container\">\n\t\t\t\n\t\t<div\n\t\t\tid=\"simpay-upe-element-simpay-form-303-field-3\"\n\t\t\tclass=\"simpay-upe-wrap simpay-field-wrap\"\n\t\t>\n\t\t<\/div>\n\n\t\t\t\t<\/div>\n\n\t\t\t\t\t<div class=\"simpay-payment-method-error simpay-errors\" aria-live=\"assertive\" aria-relevant=\"additions text\" aria-atomic=\"true\"><\/div>\n\t\t\n\t\t\n\t\t<fieldset class=\"simpay-form-control simpay-radio-container\">\n\t\t\t<div class=\"simpay-radio-label simpay-label-wrap\">\n\t\t\t\t<legend class=\"\">\n\t\t\t\t\tCertificado de donaci\u00f3n\t\t\t\t<legend>\n\t\t\t<\/div>\n\t\t\t<div class=\"simpay-radio-wrap simpay-field-wrap\">\n\t\t\t\t<ul>\n\t\t\t\t\t<li><label><input type=\"radio\" name=\"simpay_field[certificate]\" value=\"Si\"  checked='checked' \/>Si<\/label><\/li><li><label><input type=\"radio\" name=\"simpay_field[certificate]\" value=\"No\"  \/>No<\/label><\/li>\t\t\t\t<\/ul>\n\t\t\t<\/div>\n\t\t<\/fieldset>\n\n\t\t\n<div id=\"11\" class=\"simpay-form-control\">\n\t<h6>\n\t\tPara donaciones iguales o superiores a 100\u20ac deber\u00e1 informar el DNI\/NIE\/Pasaporte En caso de que desee certificado de donaci\u00f3n deber\u00e1 informar el DNI\/NIE\/Pasaporte y el C\u00f3digo Postal Utilizamos sus datos personales \u00fanicamente para la gesti\u00f3n fiscal y administrativa de su donaci\u00f3n y conforme a nuestra pol\u00edtica de privacidad Pol\u00edtica de protecci\u00f3n de datos *\t<\/h6>\n<\/div>\n\n\t\t\n\t\t<div class=\"simpay-form-control simpay-checkbox-container\">\n\t\t\t<div class=\"simpay-checkbox-label simpay-label-wrap\">\n\t\t\t\t<div class=\"simpay-checkbox-wrap simpay-field-wrap\">\n\t\t\t\t\t<input\n\t\t\t\t\t\ttype=\"checkbox\"\n\t\t\t\t\t\tname=\"simpay_field[privacy_policy]\"\n\t\t\t\t\t\tclass=\"simpay-checkbox\"\n\t\t\t\t\t\tid=\"simpay-form-303-field-10\"\n\t\t\t\t\t\t\t\t\t\t\t\t\trequired\n\t\t\t\t\t\t\t\t\t\t\t\t\t\t\t\t\t\/>\n\t\t\t\t\t\n\t\t<div class=\"simpay-checkbox-label simpay-label-wrap\">\n\t\t\t<label for=\"simpay-form-303-field-10\" class=\"\">\n\t\t\t\tHe le\u00eddo y acepto la pol\u00edtica de privacidad\t\t\t\t\t\t\t<\/label>\n\t\t<\/div>\n\n\t\t\t\t\t\t<\/div>\n\t\t\t<\/div>\n\t\t<\/div>\n\n\t\t\n\t\t<div\n\t\t\tclass=\"simpay-form-control simpay-checkout-btn-container\"\n\t\t>\n\t\t\t<button\n\t\t\t\tid=\"simpay-form-303-field-4\"\n\t\t\t\tclass=\"simpay-btn simpay-checkout-btn\"\n\t\t\t\ttype=\"submit\"\n\t\t\t\tdisabled\n\t\t\t>\n\t\t\t\t<span>\n\t\t\t\t\tPlease wait...\t\t\t\t<\/span>\n\t\t\t<\/button>\n\t\t<\/div>\n\t\t<div class=\"simpay-generic-error simpay-errors\" id=\"simpay-form-303-error\" aria-live=\"assertive\" aria-relevant=\"additions text\" aria-atomic=\"true\"><\/div><input type=\"hidden\" name=\"simpay_form_id\" value=\"303\" \/><input type=\"hidden\" name=\"simpay_amount\" value=\"\" class=\"simpay-amount\" \/><input type=\"hidden\" name=\"simpay_tax_amount\" value=\"\" class=\"simpay-tax-amount\" \/><input type=\"hidden\" id=\"_wpnonce\" name=\"_wpnonce\" value=\"7d74bc9a83\" \/><input type=\"hidden\" name=\"_wp_http_referer\" value=\"\/donaciones\/wp-json\/wp\/v2\/pages\/8\" \/><\/form><\/div><\/div>\n\t\t\t\t\t\t<\/div>\n\t\t\t\t<\/div>\n\t\t\t\t<div class=\"elementor-element elementor-element-0a65407 elementor-widget elementor-widget-text-editor\" data-id=\"0a65407\" data-element_type=\"widget\" data-e-type=\"widget\" data-widget_type=\"text-editor.default\">\n\t\t\t\t<div class=\"elementor-widget-container\">\n\t\t\t\t\t\t\t\t\t<p>Si tienes problemas con el pago, por favor, av\u00edsanos a trav\u00e9s del correo <a href=\"mailto:info@proyecto-igwachanya-com\">info@proyecto-igwachanya.com<\/a>, o al tel\u00e9fono +34647449680. \u00a1Muchas gracias!<\/p>\t\t\t\t\t\t\t\t<\/div>\n\t\t\t\t<\/div>\n\t\t\t\t<div class=\"elementor-element elementor-element-1a9d2bd elementor-widget elementor-widget-heading\" data-id=\"1a9d2bd\" data-element_type=\"widget\" data-e-type=\"widget\" data-widget_type=\"heading.default\">\n\t\t\t\t<div class=\"elementor-widget-container\">\n\t\t\t\t\t<h2 class=\"elementor-heading-title elementor-size-default\">DONACI\u00d3N POR TRANSFERENCIA BANCARIA<\/h2>\t\t\t\t<\/div>\n\t\t\t\t<\/div>\n\t\t\t\t<div class=\"elementor-element elementor-element-28daed4 elementor-widget elementor-widget-text-editor\" data-id=\"28daed4\" data-element_type=\"widget\" data-e-type=\"widget\" data-widget_type=\"text-editor.default\">\n\t\t\t\t<div class=\"elementor-widget-container\">\n\t\t\t\t\t\t\t\t\t<p><b>Titular de la cuenta:<\/b> COOPERACI\u00d3N INTERNACIONAL<\/p><p><b>IBAN:<\/b> ES73 2100 2123 1102 0045 9959<\/p><p>Indica el concepto <strong>TANZANIA + el nombre del proyecto<\/strong> (por ejemplo, Transporte, Residencia, etc.)<\/p><p>Para donaciones iguales o superiores a 100\u20ac deber\u00e1 informar en la transferencia o por correo electr\u00f3nico a <a class=\"text-blue\" href=\"mailto:finanzas@ciong.org\">finanzas@ciong.org<\/a>\u200b indicando el DNI\/NIE\/Pasaporte.<\/p><p>En caso de que desee certificado de donaci\u00f3n deber\u00e1 solicitarlo por correo electr\u00f3nico a \u200b<a class=\"text-blue\" href=\"mailto:finanzas@ciong.org\">finanzas@ciong.org<\/a> indicando el DNI\/NIE\/Pasaporte y el C\u00f3digo Postal.<\/p><ul><li>Utilizamos sus datos personales para enviarle informaci\u00f3n sobre eventos, campa\u00f1as y actividades de la Asociaci\u00f3n y conforme a nuestra \u200b<a class=\"text-blue\" href=\"https:\/\/ciong.org\/politica-de-privacidad\/\" target=\"_blank\" rel=\"noopener\">pol\u00edtica de privacidad<\/a>\u200b. Puede darse de baja en cualquier momento.<\/li><li>Usaremos la direcci\u00f3n de contacto facilitada para proporcionar informaci\u00f3n sobre la Asociaci\u00f3n a la empresa y conforme a nuestra \u200b<a class=\"text-blue\" href=\"https:\/\/ciong.org\/politica-de-privacidad\/\" target=\"_blank\" rel=\"noopener\">\u200bpol\u00edtica de privacidad<\/a>. Podr\u00e1n solicitar su supresi\u00f3n en cualquier momento.<\/li><li>Utilizamos sus datos para gestionar su relaci\u00f3n como voluntario con Cooperaci\u00f3n Internacional y conforme a nuestra <a class=\"text-blue\" href=\"https:\/\/ciong.org\/politica-de-privacidad\/\" target=\"_blank\" rel=\"noopener\">pol\u00edtica de privacidad\u200b<\/a>. S\u00f3lo se conservar\u00e1n mientras exista dicha relaci\u00f3n.<\/li><\/ul>\t\t\t\t\t\t\t\t<\/div>\n\t\t\t\t<\/div>\n\t\t<div class=\"elementor-element elementor-element-4633b68 e-con-full e-flex e-con e-child\" data-id=\"4633b68\" data-element_type=\"container\" data-e-type=\"container\">\n\t\t\t\t<\/div>\n\t\t\t\t\t<\/div>\n\t\t\t\t<\/div>\n\t\t<div class=\"elementor-element elementor-element-416d2ed e-flex e-con-boxed e-con e-parent\" data-id=\"416d2ed\" data-element_type=\"container\" data-e-type=\"container\">\n\t\t\t\t\t<div class=\"e-con-inner\">\n\t\t\t\t\t<\/div>\n\t\t\t\t<\/div>\n\t\t\t\t<\/div>\n\t\t","protected":false},"excerpt":{"rendered":"<p>IGWACHANYA MODOS DE COLABORAR Proyecto-Igwachanya \u00a0 Si eres menor de edad, es necesario que cuentes con el previo consentimiento de tu padre, madre o tutores antes de incluir tus datos personales en cualquiera de estos formularios. COOPERACI\u00d3N INTERNACIONAL se exime de cualquier responsabilidad por el incumplimiento de este requisito Para facilitar la correcta gesti\u00f3n de [&hellip;]<\/p>\n","protected":false},"author":1,"featured_media":24,"parent":0,"menu_order":0,"comment_status":"closed","ping_status":"closed","template":"elementor_header_footer","meta":{"footnotes":""},"class_list":["post-8","page","type-page","status-publish","has-post-thumbnail","hentry"],"_links":{"self":[{"href":"https:\/\/proyecto-igwachanya.com\/donaciones\/wp-json\/wp\/v2\/pages\/8","targetHints":{"allow":["GET"]}}],"collection":[{"href":"https:\/\/proyecto-igwachanya.com\/donaciones\/wp-json\/wp\/v2\/pages"}],"about":[{"href":"https:\/\/proyecto-igwachanya.com\/donaciones\/wp-json\/wp\/v2\/types\/page"}],"author":[{"embeddable":true,"href":"https:\/\/proyecto-igwachanya.com\/donaciones\/wp-json\/wp\/v2\/users\/1"}],"replies":[{"embeddable":true,"href":"https:\/\/proyecto-igwachanya.com\/donaciones\/wp-json\/wp\/v2\/comments?post=8"}],"version-history":[{"count":181,"href":"https:\/\/proyecto-igwachanya.com\/donaciones\/wp-json\/wp\/v2\/pages\/8\/revisions"}],"predecessor-version":[{"id":372,"href":"https:\/\/proyecto-igwachanya.com\/donaciones\/wp-json\/wp\/v2\/pages\/8\/revisions\/372"}],"wp:featuredmedia":[{"embeddable":true,"href":"https:\/\/proyecto-igwachanya.com\/donaciones\/wp-json\/wp\/v2\/media\/24"}],"wp:attachment":[{"href":"https:\/\/proyecto-igwachanya.com\/donaciones\/wp-json\/wp\/v2\/media?parent=8"}],"curies":[{"name":"wp","href":"https:\/\/api.w.org\/{rel}","templated":true}]}}